{"id":2438,"date":"2020-02-03T11:30:59","date_gmt":"2020-02-03T15:30:59","guid":{"rendered":"http:\/\/centredusablon.satellitecom.qc.ca\/mission\/"},"modified":"2024-06-20T16:37:18","modified_gmt":"2024-06-20T21:37:18","slug":"mission","status":"publish","type":"page","link":"https:\/\/centredusablon.ca\/en\/mission\/","title":{"rendered":"Mission"},"content":{"rendered":"<div class=\"wpb-content-wrapper\">[mk_page_section bg_position=&#8221;center center&#8221; bg_repeat=&#8221;no-repeat&#8221; bg_stretch=&#8221;true&#8221; video_color_mask=&#8221;#000000&#8243; min_height=&#8221;440&#8243; js_vertical_centered=&#8221;true&#8221; padding_top=&#8221;100&#8243; padding_bottom=&#8221;0&#8243; sidebar=&#8221;sidebar-1&#8243;][vc_column width=&#8221;2\/3&#8243;][mk_fancy_title tag_name=&#8221;h1&#8243; color=&#8221;#ffffff&#8221; size=&#8221;48&#8243; force_font_size=&#8221;true&#8221; size_tablet=&#8221;40&#8243; size_phone=&#8221;30&#8243; font_weight=&#8221;300&#8243; txt_transform=&#8221;capitalize&#8221; letter_spacing=&#8221;2&#8243; font_family=&#8221;none&#8221;]Centre du Sablon[\/mk_fancy_title][vc_column_text disable_pattern=&#8221;false&#8221; css=&#8221;.vc_custom_1515732011754{margin-bottom: 0px !important;}&#8221;]<span style=\"color: #ffffff;\">Le Centre du Sablon offre une vari\u00e9t\u00e9 d&#8217;activit\u00e9s de loisir \u00e0 caract\u00e8re sportif, communautaire et culturel s&#8217;adressant aux personnes de tout \u00e2ge.<\/span>[\/vc_column_text][\/vc_column][vc_column width=&#8221;1\/3&#8243;][\/vc_column][\/mk_page_section][vc_row][vc_column][mk_padding_divider size=&#8221;100&#8243;][vc_column_text css=&#8221;.vc_custom_1718916304838{margin-bottom: 0px !important;}&#8221;]\n<h1>Who are we?<\/h1>\n<p><span lang=\"en\">Centre du Sablon offers a variety of sporting, community, and cultural leisure activities for people of all ages and all levels. We offer a pre-kindergarten program, a summer, winter, and spring day camp, and many activities for all. Our facilities include a 25-meter indoor pool, gymnasium, and aerobic room, as well as Sablon Fit with more than 50 ultra-modern fitness equipment. You can sign up for many physical and sports activities that meet the needs your needs. Among the social and community activities, we find cultural activities, a volunteer program, the Seniors&#8217; club, special events such as the Haunted House on Halloween and the Tax Clinic for those who qualify.<\/span><\/p>\n<p id=\"tw-target-text\" class=\"tw-data-text tw-text-large tw-ta\" dir=\"ltr\" data-placeholder=\"Translation\"><span lang=\"en\">All of these activities aim to contribute to the development of participants&#8217; physical, psychological, intellectual, personal, and social skills in order to help them grow and equip them to become autonomous and responsible citizens. Thus, Centre du Sablon is a place of gathering, sharing, and support where each user finds a harmonious living environment.<\/span><\/p>\n<p id=\"tw-target-text\" class=\"tw-data-text tw-text-large tw-ta\" dir=\"ltr\" data-placeholder=\"Translation\"><span lang=\"en\">Centre du Sablon also works in collaboration with several local and regional organizations and partners to enrich community services.\u00a0<\/span><\/p>\n[\/vc_column_text][vc_separator style=&#8221;shadow&#8221; css=&#8221;.vc_custom_1515732446651{padding-top: 50px !important;padding-bottom: 25px !important;}&#8221;][vc_column_text css=&#8221;.vc_custom_1718919365006{margin-bottom: 0px !important;}&#8221;]\n<h1>History and Mission<\/h1>\n<p><img loading=\"lazy\" decoding=\"async\" class=\"alignleft wp-image-2439 size-full\" src=\"https:\/\/centredusablon.ca\/wp-content\/uploads\/2018\/01\/centre-du-sablon.jpg\" alt=\"\" width=\"294\" height=\"221\" \/><\/p>\n<p><span lang=\"en\">Its first vocation, that of the Jewish Y, firmly positioned it as the community center of Chomedey Laval. Its original mission also established it as a meeting place for multicultural communities.<\/span><\/p>\n<p><span lang=\"en\">In 1992, when the city of Laval bought the building and appointed <em>La Corporation du Centre du Sablon<\/em> to manage its destinies, the center retained its status as a host place for the Chomedey ethnic community. The multiethnic belonging is illustrated by a very colorful division of our clientele.\u00a0<\/span><\/p>\n<p class=\"tw-data-text tw-text-large tw-ta\" dir=\"ltr\" data-placeholder=\"Translation\"><span lang=\"en\">Centre du Sablon continues its mission to serve the local and regional population by offering leisure activities of a sporting, aquatic, community, and cultural nature. In addition, we take advantage of as many opportunities as possible to create events that promote the development of the social fabric by allowing users, visitors, employees, and volunteers appreciate each other. The most distinctive feature of the Centre du Sablon is its multicultural portrait, where people from diverse ethnic communities live side by side in great harmony.<\/span><\/p>\n[\/vc_column_text][vc_separator style=&#8221;shadow&#8221; css=&#8221;.vc_custom_1515732446651{padding-top: 50px !important;padding-bottom: 25px !important;}&#8221;][vc_column_text css=&#8221;.vc_custom_1718919457667{margin-bottom: 0px !important;}&#8221;]\n<h1>Our Mandate<\/h1>\n<p>Centre du Sablon (CDS), a charitable organization, pursues the following objectives:<\/p>\n<p>1. Promote the integral development of the individual, support families and empower citizens in their local community through community recreation, community action and cultural and popular education.<\/p>\n<p>2. Interact with local citizens, organizations and associations.<\/p>\n<p>3. Bring people together during leisure time, creating a living environment within a physical framework.<\/p>\n<p>4. Contribute to family development by encouraging openness and autonomy.<\/p>\n<p>5. Enable its populations, grouped by age sector and field of activity, to have access to the main forms of leisure, community and cultural action, and popular education, in order to <strong><span style=\"color: #339966;\">maintain healthy lifestyles.<\/span><\/strong><\/p>\n<p>&nbsp;<\/p>\n<p><strong>Our activities and demography<\/strong><\/p>\n<p>We have close to 150 000 people who use our facilities. Our members participate in a wide range of communal, cultural, and sport related activities.[\/vc_column_text][mk_padding_divider size=&#8221;100&#8243;][\/vc_column][\/vc_row]\n<\/div>","protected":false},"excerpt":{"rendered":"<p>[mk_page_section bg_position=&#8221;center center&#8221; bg_repeat=&#8221;no-repeat&#8221; bg_stretch=&#8221;true&#8221; video_color_mask=&#8221;#000000&#8243; min_height=&#8221;440&#8243; js_vertical_centered=&#8221;true&#8221; padding_top=&#8221;100&#8243; padding_bottom=&#8221;0&#8243; sidebar=&#8221;sidebar-1&#8243;][vc_column width=&#8221;2\/3&#8243;][mk_fancy_title tag_name=&#8221;h1&#8243; color=&#8221;#ffffff&#8221; size=&#8221;48&#8243; force_font_size=&#8221;true&#8221; size_tablet=&#8221;40&#8243; size_phone=&#8221;30&#8243; font_weight=&#8221;300&#8243; txt_transform=&#8221;capitalize&#8221; letter_spacing=&#8221;2&#8243; font_family=&#8221;none&#8221;]Centre du Sablon[\/mk_fancy_title][vc_column_text disable_pattern=&#8221;false&#8221; css=&#8221;.vc_custom_1515732011754{margin-bottom: 0px !important;}&#8221;]Le Centre du Sablon offre une vari\u00e9t\u00e9 d&#8217;activit\u00e9s de loisir \u00e0 caract\u00e8re sportif, communautaire et culturel s&#8217;adressant aux personnes de tout \u00e2ge.[\/vc_column_text][\/vc_column][vc_column width=&#8221;1\/3&#8243;][\/vc_column][\/mk_page_section][vc_row][vc_column][mk_padding_divider size=&#8221;100&#8243;][vc_column_text css=&#8221;.vc_custom_1718916304838{margin-bottom: 0px !important;}&#8221;] Who [&hellip;]<\/p>\n","protected":false},"author":1,"featured_media":0,"parent":0,"menu_order":-800,"comment_status":"closed","ping_status":"closed","template":"","meta":{"_acf_changed":false,"footnotes":""},"class_list":["post-2438","page","type-page","status-publish","hentry"],"acf":[],"_links":{"self":[{"href":"https:\/\/centredusablon.ca\/en\/wp-json\/wp\/v2\/pages\/2438","targetHints":{"allow":["GET"]}}],"collection":[{"href":"https:\/\/centredusablon.ca\/en\/wp-json\/wp\/v2\/pages"}],"about":[{"href":"https:\/\/centredusablon.ca\/en\/wp-json\/wp\/v2\/types\/page"}],"author":[{"embeddable":true,"href":"https:\/\/centredusablon.ca\/en\/wp-json\/wp\/v2\/users\/1"}],"replies":[{"embeddable":true,"href":"https:\/\/centredusablon.ca\/en\/wp-json\/wp\/v2\/comments?post=2438"}],"version-history":[{"count":5,"href":"https:\/\/centredusablon.ca\/en\/wp-json\/wp\/v2\/pages\/2438\/revisions"}],"predecessor-version":[{"id":21599,"href":"https:\/\/centredusablon.ca\/en\/wp-json\/wp\/v2\/pages\/2438\/revisions\/21599"}],"wp:attachment":[{"href":"https:\/\/centredusablon.ca\/en\/wp-json\/wp\/v2\/media?parent=2438"}],"curies":[{"name":"wp","href":"https:\/\/api.w.org\/{rel}","templated":true}]}}