{"id":2419,"date":"2022-06-03T08:00:57","date_gmt":"2022-06-03T13:00:57","guid":{"rendered":"http:\/\/centredusablon.satellitecom.qc.ca\/salle-de-conference\/"},"modified":"2025-05-06T11:04:56","modified_gmt":"2025-05-06T16:04:56","slug":"salle-de-conference","status":"publish","type":"page","link":"https:\/\/centredusablon.ca\/en\/reservation\/salle-de-conference\/","title":{"rendered":"Salle de Conf\u00e9rence"},"content":{"rendered":"<div class=\"wpb-content-wrapper\">[vc_row css=&#8221;.vc_custom_1517238231324{padding-top: 50px !important;padding-bottom: 50px !important;}&#8221;][vc_column][mk_padding_divider size=&#8221;100&#8243;][mk_fancy_title tag_name=&#8221;h3&#8243; color=&#8221;#2c2c2c&#8221; size=&#8221;36&#8243; force_font_size=&#8221;true&#8221; size_tablet=&#8221;25&#8243; size_phone=&#8221;25&#8243; font_weight=&#8221;300&#8243; letter_spacing=&#8221;1&#8243; font_family=&#8221;none&#8221; align=&#8221;center&#8221; animation=&#8221;bottom-to-top&#8221;]Salle de Conf\u00e9rence[\/mk_fancy_title][mk_image src=&#8221;https:\/\/centredusablon.ca\/wp-content\/uploads\/2018\/01\/7744686.jpg&#8221; image_size=&#8221;full&#8221; lightbox=&#8221;true&#8221; align=&#8221;center&#8221; margin_bottom=&#8221;50&#8243;][vc_column_text align=&#8221;center&#8221; css=&#8221;.vc_custom_1727975336747{margin-bottom: 0px !important;}&#8221;]Capacit\u00e9\u00a0: 25 personnes<br \/>\n** Le nettoyage de la salle apr\u00e8s utilisation est requis par\u00a0le locataire, risque de frais suppl\u00e9mentaires.**<\/p>\n<p>Nous avons besoin d&#8217;un minimum de 72 heures avant la date de r\u00e9servation souhait\u00e9e pour prendre contact avec le membre et compl\u00e9ter le contrat. Nous nous r\u00e9servons le droit de refuser toute demande de r\u00e9servation apr\u00e8s le d\u00e9lai mentionn\u00e9 ci-dessus.[\/vc_column_text][\/vc_column][\/vc_row][mk_page_section bg_color=&#8221;#fecd00&#8243; bg_repeat=&#8221;no-repeat&#8221; bg_stretch=&#8221;true&#8221; min_height=&#8221;&#8221; padding_top=&#8221;0&#8243; padding_bottom=&#8221;75&#8243; has_top_shape_divider=&#8221;true&#8221; top_shape_style=&#8221;jagged-rounded-top&#8221; sidebar=&#8221;sidebar-1&#8243;][vc_column width=&#8221;1\/2&#8243;][mk_fancy_title tag_name=&#8221;h3&#8243; color=&#8221;#2c2c2c&#8221; size=&#8221;36&#8243; force_font_size=&#8221;true&#8221; size_phone=&#8221;30&#8243; font_weight=&#8221;300&#8243; letter_spacing=&#8221;1&#8243; margin_bottom=&#8221;0&#8243; font_family=&#8221;none&#8221; align=&#8221;center&#8221;]Besoin de cet espace?[\/mk_fancy_title][\/vc_column][vc_column width=&#8221;1\/2&#8243;][mk_button dimension=&#8221;outline&#8221; size=&#8221;large&#8221; url=&#8221;\/reservation-demande\/&#8221; align=&#8221;center&#8221; margin_bottom=&#8221;Les membres ont 10% de rabais.&#8221; margin_right=&#8221;0&#8243;]DEMANDE DE R\u00c9SERVATION[\/mk_button][\/vc_column][\/mk_page_section]\n<\/div>","protected":false},"excerpt":{"rendered":"<p>[vc_row css=&#8221;.vc_custom_1517238231324{padding-top: 50px !important;padding-bottom: 50px !important;}&#8221;][vc_column][mk_padding_divider size=&#8221;100&#8243;][mk_fancy_title tag_name=&#8221;h3&#8243; color=&#8221;#2c2c2c&#8221; size=&#8221;36&#8243; force_font_size=&#8221;true&#8221; size_tablet=&#8221;25&#8243; size_phone=&#8221;25&#8243; font_weight=&#8221;300&#8243; letter_spacing=&#8221;1&#8243; font_family=&#8221;none&#8221; align=&#8221;center&#8221; animation=&#8221;bottom-to-top&#8221;]Salle de Conf\u00e9rence[\/mk_fancy_title][mk_image src=&#8221;https:\/\/centredusablon.ca\/wp-content\/uploads\/2018\/01\/7744686.jpg&#8221; image_size=&#8221;full&#8221; lightbox=&#8221;true&#8221; align=&#8221;center&#8221; margin_bottom=&#8221;50&#8243;][vc_column_text align=&#8221;center&#8221; css=&#8221;.vc_custom_1727975336747{margin-bottom: 0px !important;}&#8221;]Capacit\u00e9\u00a0: 25 personnes ** Le nettoyage de la salle apr\u00e8s utilisation est requis par\u00a0le locataire, risque de frais suppl\u00e9mentaires.** Nous avons besoin d&#8217;un minimum de 72 heures [&hellip;]<\/p>\n","protected":false},"author":1,"featured_media":0,"parent":2431,"menu_order":60,"comment_status":"closed","ping_status":"closed","template":"","meta":{"_acf_changed":false,"footnotes":""},"class_list":["post-2419","page","type-page","status-publish","hentry"],"acf":[],"_links":{"self":[{"href":"https:\/\/centredusablon.ca\/en\/wp-json\/wp\/v2\/pages\/2419","targetHints":{"allow":["GET"]}}],"collection":[{"href":"https:\/\/centredusablon.ca\/en\/wp-json\/wp\/v2\/pages"}],"about":[{"href":"https:\/\/centredusablon.ca\/en\/wp-json\/wp\/v2\/types\/page"}],"author":[{"embeddable":true,"href":"https:\/\/centredusablon.ca\/en\/wp-json\/wp\/v2\/users\/1"}],"replies":[{"embeddable":true,"href":"https:\/\/centredusablon.ca\/en\/wp-json\/wp\/v2\/comments?post=2419"}],"version-history":[{"count":2,"href":"https:\/\/centredusablon.ca\/en\/wp-json\/wp\/v2\/pages\/2419\/revisions"}],"predecessor-version":[{"id":26152,"href":"https:\/\/centredusablon.ca\/en\/wp-json\/wp\/v2\/pages\/2419\/revisions\/26152"}],"up":[{"embeddable":true,"href":"https:\/\/centredusablon.ca\/en\/wp-json\/wp\/v2\/pages\/2431"}],"wp:attachment":[{"href":"https:\/\/centredusablon.ca\/en\/wp-json\/wp\/v2\/media?parent=2419"}],"curies":[{"name":"wp","href":"https:\/\/api.w.org\/{rel}","templated":true}]}}