{"id":2412,"date":"2018-06-11T10:38:12","date_gmt":"2018-06-11T14:38:12","guid":{"rendered":"http:\/\/centredusablon.satellitecom.qc.ca\/page-test\/"},"modified":"2018-06-11T10:38:12","modified_gmt":"2018-06-11T14:38:12","slug":"page-test","status":"publish","type":"page","link":"https:\/\/centredusablon.ca\/en\/page-test\/","title":{"rendered":"Page test"},"content":{"rendered":"<div class=\"wpb-content-wrapper\">[mk_page_section bg_position=&#8221;center center&#8221; bg_repeat=&#8221;no-repeat&#8221; bg_stretch=&#8221;true&#8221; video_color_mask=&#8221;#000000&#8243; min_height=&#8221;440&#8243; js_vertical_centered=&#8221;true&#8221; padding_top=&#8221;100&#8243; padding_bottom=&#8221;0&#8243; sidebar=&#8221;sidebar-1&#8243;][vc_column width=&#8221;2\/3&#8243;][mk_fancy_title tag_name=&#8221;h1&#8243; color=&#8221;#ffffff&#8221; size=&#8221;48&#8243; force_font_size=&#8221;true&#8221; size_tablet=&#8221;40&#8243; size_phone=&#8221;30&#8243; font_weight=&#8221;300&#8243; txt_transform=&#8221;capitalize&#8221; letter_spacing=&#8221;2&#8243; font_family=&#8221;none&#8221;]Le Centre du Sablon[\/mk_fancy_title][vc_column_text disable_pattern=&#8221;false&#8221; css=&#8221;.vc_custom_1515732011754{margin-bottom: 0px !important;}&#8221;]<span style=\"color: #ffffff;\">Le Centre du Sablon offre une vari\u00e9t\u00e9 d&#8217;activit\u00e9s de loisir \u00e0 caract\u00e8re sportif, communautaire et culturel s&#8217;adressant aux personnes de tout \u00e2ge.<\/span>[\/vc_column_text][\/vc_column][vc_column width=&#8221;1\/3&#8243;][\/vc_column][\/mk_page_section][vc_row][vc_column][mk_padding_divider size=&#8221;100&#8243;][vc_column_text css=&#8221;.vc_custom_1528728949221{margin-bottom: 0px !important;}&#8221;]\n<h1>Qui sommes-nous ?<\/h1>\n<p>Le Centre du Sablon offre une vari\u00e9t\u00e9 d&#8217;activit\u00e9s de loisir \u00e0 caract\u00e8re sportif, urel s&#8217;adressant aux personnes de tout \u00e2ge. On peut y retrouver un jardin d&#8217;enfants, un camp de jour \u00e9t\u00e9 \/ <a href=\"https:\/\/centredusablon.ca\/wp-content\/uploads\/2017\/10\/calendrier-parascolaire.pdf\">hiver et de nombreuses activit\u00e9s<\/a> pour les tout-petits.<\/p>\n<p><img loading=\"lazy\" decoding=\"async\" class=\"wp-image-2395  alignright\" src=\"https:\/\/centredusablon.ca\/wp-content\/uploads\/2018\/06\/ClairObscurMultimedia-2819-300x200.jpg\" alt=\"\" width=\"374\" height=\"249\" \/><\/p>\n<p>Aussi, avec sa piscine int\u00e9rieure de\u00a025 m\u00e8tres, ses gymnases et sa salle d&#8217;a\u00e9robie, de m\u00eame que Sablon Fit avec plus de 50 appareils ultra-moderne de conditionnement physique, de nombreuses activit\u00e9s physiques et sportives sont disponibles pour r\u00e9pondre aux besoins des sportifs de tous les \u00e2ges et de tous les niveaux. Parmi les activit\u00e9s et services \u00e0 caract\u00e8re social et communautaire, on y retrouve des activit\u00e9s culturelles, un programme de b\u00e9n\u00e9volat, le club des A\u00een\u00e9s, des \u00e9v\u00e9nements sp\u00e9ciaux comme\u00a0la Maison\u00a0hant\u00e9e \u00e0 l&#8217;Halloween et le service d&#8217;imp\u00f4ts pour les personnes \u00e0 faibles revenues.<\/p>\n<p>Toutes ces activit\u00e9s visent \u00e0 contribuer au d\u00e9veloppement des habilet\u00e9s physiques, psychologiques, intellectuelles, personnelles et sociales des participants afin de les aider \u00e0 grandir et \u00e0 les outiller pour devenir des citoyens autonomes et responsables. Ceux-ci pourront en faire autant aupr\u00e8s des gens qui les entourent. Ainsi, le Centre du Sablon, se veut un endroit de rassemblement, de partage, d&#8217;apprentissage, de compassion, d&#8217;\u00e9coute, de soutien, d&#8217;aide et de plaisir o\u00f9 chacun des usagers trouvent un milieux de vie harmonieux, reflets des besoins et aspirations de chacun.<\/p>\n<p>Le Centre du Sablon travaille aussi en collaboration avec plusieurs organismes et partenaires locaux et r\u00e9gionaux. Parmi les projets les plus actuels, il y a celui d&#8217;un partenariat avec le CSSS de Laval et 4 CLSC.[\/vc_column_text][vc_separator style=&#8221;shadow&#8221; css=&#8221;.vc_custom_1515732446651{padding-top: 50px !important;padding-bottom: 25px !important;}&#8221;][vc_column_text css=&#8221;.vc_custom_1515732420703{margin-bottom: 0px !important;}&#8221;]\n<h1>Mission<\/h1>\n<p><img loading=\"lazy\" decoding=\"async\" class=\"alignleft wp-image-1845 size-full\" src=\"https:\/\/centredusablon.ca\/wp-content\/uploads\/2018\/01\/centre-du-sablon.jpg\" alt=\"\" width=\"294\" height=\"221\" \/>Le nom est connu et appr\u00e9ci\u00e9. Il existe depuis plus de\u00a020 ans. Sa premi\u00e8re vocation, celle du Jewish Y l\u2019a solidement positionn\u00e9 comme le centre communautaire \u00e0 Chomedey Laval. Sa mission originale l\u2019aura aussi bien ancr\u00e9 comme lieu de rencontre des communaut\u00e9s multiculturelles.<\/p>\n<p>Plus tard, lorsque la ville de Laval s\u2019est port\u00e9e acqu\u00e9reur de la b\u00e2tisse et a nomm\u00e9 La Corporation du Centre du Sablon pour g\u00e9rer ses destin\u00e9es, le centre a su garder son statut de place h\u00f4te pour la communaut\u00e9 ethnique de Chomedey. L\u2019appartenance multiethnique s\u2019illustre par un d\u00e9coupage tr\u00e8s color\u00e9 de notre client\u00e8le.<\/p>\n<p>En effet 38 000 r\u00e9sidents d\u2019origines ethniques diverses, 45 000 francophones, 7 000 anglophones repr\u00e9sentent le portrait linguistique de notre territoire. C\u2019est dans ces proportions qu\u2019ils fr\u00e9quentent le Centre du Sablon en grande harmonie.<\/p>\n<p>Le Centre du Sablon poursuit sa mission pour desservir la population locale et r\u00e9gionale en offrant des activit\u00e9s de loisir \u00e0 caract\u00e8re sportif, aquatique, communautaire et culturel. De plus, nous profitons du plus grand nombre d\u2019opportunit\u00e9s possibles pour cr\u00e9er des \u00e9v\u00e9nements favorisant le d\u00e9veloppement du tissu social en permettant aux usagers, visiteurs, employ\u00e9s et b\u00e9n\u00e9voles de se rencontrer pour mieux se conna\u00eetre et s\u2019appr\u00e9cier. La caract\u00e9ristique la plus distinctive du Centre du Sablon est son portrait multiculturel o\u00f9 les gens des communaut\u00e9s ethniques diverses se c\u00f4toient en grande harmonie.[\/vc_column_text][vc_separator style=&#8221;shadow&#8221; css=&#8221;.vc_custom_1515732446651{padding-top: 50px !important;padding-bottom: 25px !important;}&#8221;][vc_column_text css=&#8221;.vc_custom_1517589047448{margin-bottom: 0px !important;}&#8221;]\n<h1>Notre Mandat<\/h1>\n<p><strong>Notre action s\u2019appuie sur notre mission et nos principes directeurs :<\/strong><\/p>\n<ul>\n<li>un personnel solidaire et engag\u00e9.<\/li>\n<li>un personnel comp\u00e9tent ayant acquis une solide expertise au fil des ans.<\/li>\n<li>des secteurs d\u2019activit\u00e9s bien structur\u00e9s avec des projets, des services et des programmes pertinents.<\/li>\n<li>un accent mit sur les besoins pr\u00e9cis des clients.<\/li>\n<li>la volont\u00e9 de faire d\u00e9couvrir le Centre du Sablon.<\/li>\n<\/ul>\n<p><strong>Nos activit\u00e9s et notre achalandage<\/strong><\/p>\n<p>Nous avons pr\u00e8s de 150,000 visiteurs par ann\u00e9e qui fr\u00e9quentent notre gymnase, notre piscine, nos salles de conditionnement physique Sablon Fit, nos salles de r\u00e9ception. Nos visiteurs participent \u00e0 une grande diversit\u00e9 d&#8217;activit\u00e9s sportives,communautaires et aquatiques.[\/vc_column_text][mk_padding_divider size=&#8221;100&#8243;][\/vc_column][\/vc_row]\n<\/div>","protected":false},"excerpt":{"rendered":"<p>[mk_page_section bg_position=&#8221;center center&#8221; bg_repeat=&#8221;no-repeat&#8221; bg_stretch=&#8221;true&#8221; video_color_mask=&#8221;#000000&#8243; min_height=&#8221;440&#8243; js_vertical_centered=&#8221;true&#8221; padding_top=&#8221;100&#8243; padding_bottom=&#8221;0&#8243; sidebar=&#8221;sidebar-1&#8243;][vc_column width=&#8221;2\/3&#8243;][mk_fancy_title tag_name=&#8221;h1&#8243; color=&#8221;#ffffff&#8221; size=&#8221;48&#8243; force_font_size=&#8221;true&#8221; size_tablet=&#8221;40&#8243; size_phone=&#8221;30&#8243; font_weight=&#8221;300&#8243; txt_transform=&#8221;capitalize&#8221; letter_spacing=&#8221;2&#8243; font_family=&#8221;none&#8221;]Le Centre du Sablon[\/mk_fancy_title][vc_column_text disable_pattern=&#8221;false&#8221; css=&#8221;.vc_custom_1515732011754{margin-bottom: 0px !important;}&#8221;]Le Centre du Sablon offre une vari\u00e9t\u00e9 d&#8217;activit\u00e9s de loisir \u00e0 caract\u00e8re sportif, communautaire et culturel s&#8217;adressant aux personnes de tout \u00e2ge.[\/vc_column_text][\/vc_column][vc_column width=&#8221;1\/3&#8243;][\/vc_column][\/mk_page_section][vc_row][vc_column][mk_padding_divider size=&#8221;100&#8243;][vc_column_text css=&#8221;.vc_custom_1528728949221{margin-bottom: 0px !important;}&#8221;] [&hellip;]<\/p>\n","protected":false},"author":1,"featured_media":0,"parent":0,"menu_order":-800,"comment_status":"closed","ping_status":"closed","template":"","meta":{"_acf_changed":false,"footnotes":""},"class_list":["post-2412","page","type-page","status-publish","hentry"],"acf":[],"_links":{"self":[{"href":"https:\/\/centredusablon.ca\/en\/wp-json\/wp\/v2\/pages\/2412","targetHints":{"allow":["GET"]}}],"collection":[{"href":"https:\/\/centredusablon.ca\/en\/wp-json\/wp\/v2\/pages"}],"about":[{"href":"https:\/\/centredusablon.ca\/en\/wp-json\/wp\/v2\/types\/page"}],"author":[{"embeddable":true,"href":"https:\/\/centredusablon.ca\/en\/wp-json\/wp\/v2\/users\/1"}],"replies":[{"embeddable":true,"href":"https:\/\/centredusablon.ca\/en\/wp-json\/wp\/v2\/comments?post=2412"}],"version-history":[{"count":0,"href":"https:\/\/centredusablon.ca\/en\/wp-json\/wp\/v2\/pages\/2412\/revisions"}],"wp:attachment":[{"href":"https:\/\/centredusablon.ca\/en\/wp-json\/wp\/v2\/media?parent=2412"}],"curies":[{"name":"wp","href":"https:\/\/api.w.org\/{rel}","templated":true}]}}